{"id":116,"date":"2024-07-24T23:12:02","date_gmt":"2024-07-24T23:12:02","guid":{"rendered":"https:\/\/avanzarcentropsico-pedagogico.com\/?page_id=116"},"modified":"2024-08-27T03:03:27","modified_gmt":"2024-08-27T03:03:27","slug":"problemas-de-aprendizaje","status":"publish","type":"page","link":"https:\/\/avanzarcentropsico-pedagogico.com\/?page_id=116","title":{"rendered":"Trastornos de Aprendizaje"},"content":{"rendered":"\n<p>Para realizar un diagn\u00f3stico de trastornos de aprendizaje y ubicar a un alumno\/a dentro de dicha categor\u00eda, es necesario comprobar la ausencia de una serie factores, cuya presencia nos llevar\u00eda a categorizar sus dificultades como&nbsp;vinculadas a trastornos mayores y de otra \u00edndole. Como el TEA&nbsp;(trastorno del espectro autista), Discapacidad intelectual o trastornos mentales.<\/p>\n\n\n\n<p>&nbsp;Quienes presentan trastornos de aprendizaje tienen ausencia de problemas sensoriales y est\u00e1n dentro de la instrucci\u00f3n educaci\u00f3n convencional.<\/p>\n\n\n\n<p>Las alteraciones del aprendizaje comienzan a tener cuerpo hasta despu\u00e9s de los 7 a\u00f1os. Es por esto que no se debe hacer un diagn\u00f3stico al&nbsp;respecto antes de esa edad, pero es important\u00edsimo detectar cualquier atraso en el proceso de aprestamiento previo a la adquisici\u00f3n de la lecto escritura para iniciar el apoyo psicopedag\u00f3gico respectivo.<\/p>\n\n\n\n<p><strong>Principales trastornos de aprendizaje:<\/strong><\/p>\n\n\n\n<p><strong>Dislexia<\/strong><\/p>\n\n\n\n<figure class=\"wp-block-table is-style-regular\"><table class=\"has-fixed-layout\"><tbody><tr><td><\/td><td>Consiste en la dificultad en la lectura debido a inconvenientes para identificar los sonidos del habla y aprender a relacionarlos con las letras y las palabras (decodificaci\u00f3n).<br>Es de alta prevalencia en la poblaci\u00f3n escolar y es una de las causas principales del fracaso escolar.<br>La dislexia tambi\u00e9n puede causar problemas con otras habilidades, incluyendo:<br>Comprensi\u00f3n de la lectura<br>Ortograf\u00eda<br>Escritura<br>Matem\u00e1ticas<\/td><\/tr><\/tbody><\/table><\/figure>\n\n\n\n<figure class=\"wp-block-image size-full is-resized\"><img loading=\"lazy\" decoding=\"async\" width=\"276\" height=\"202\" src=\"https:\/\/avanzarcentropsico-pedagogico.com\/wp-content\/uploads\/2024\/08\/20.jpg\" alt=\"\" class=\"wp-image-184\" style=\"width:375px;height:auto\"\/><\/figure>\n\n\n\n<figure class=\"wp-block-image size-full is-resized\"><img loading=\"lazy\" decoding=\"async\" width=\"451\" height=\"157\" src=\"https:\/\/avanzarcentropsico-pedagogico.com\/wp-content\/uploads\/2024\/08\/21-3.jpg\" alt=\"\" class=\"wp-image-195\" style=\"width:540px;height:auto\" srcset=\"https:\/\/avanzarcentropsico-pedagogico.com\/wp-content\/uploads\/2024\/08\/21-3.jpg 451w, https:\/\/avanzarcentropsico-pedagogico.com\/wp-content\/uploads\/2024\/08\/21-3-300x104.jpg 300w\" sizes=\"auto, (max-width: 451px) 100vw, 451px\" \/><\/figure>\n\n\n\n<h2 class=\"wp-block-heading\"><\/h2>\n\n\n\n<p><strong>S\u00edntomas o caracter\u00edsticas de la dislexia<\/strong>1<\/p>\n\n\n\n<ul class=\"wp-block-list\">\n<li>Confusi\u00f3n de palabras con pronunciaci\u00f3n similar.<\/li>\n\n\n\n<li>Lectura de palabras imprecisa o lenta y con esfuerzo (lectura vacilante, errores de precisi\u00f3n, intenta adivinar las palabras.<\/li>\n\n\n\n<li>Dificultades para comprender el significado de lo que lee.<\/li>\n\n\n\n<li>&nbsp;Dificultades ortogr\u00e1ficas en referencia a la falta de precisi\u00f3n (omitir, a\u00f1adir o sustituir letras. Ejemplos: paltica a cambio de pl\u00e1tica, dueno por bueno, balco a cambio de blanco, lato por alto, sepuma por espuma etc.<\/li>\n\n\n\n<li>Niveles de escritura y de lectura que no se relaciona con la edad o la etapa escolar en la que se encuentra el escolar.<\/li>\n<\/ul>\n\n\n\n<p><strong>Disortograf\u00eda<\/strong><\/p>\n\n\n\n<p>La disortograf\u00eda es un trastorno espec\u00edfico de la escritura, donde se observan dificultades en la escritura, sobre todo en la Ortograf\u00eda, pero sin afectar la lectura ni la comprensi\u00f3n lectora.<\/p>\n\n\n\n<p>La disortograf\u00eda conlleva una serie de s\u00edntomas:<\/p>\n\n\n\n<ul class=\"wp-block-list\">\n<li>Adici\u00f3n, sustituci\u00f3n, inversi\u00f3n y\/u omisi\u00f3n de letras y s\u00edlabas.<\/li>\n\n\n\n<li>Alteraci\u00f3n en la conversi\u00f3n fonema-grafema.<\/li>\n\n\n\n<li>Dificultades para separar letras, s\u00edlabas o palabras en una oraci\u00f3n.<\/li>\n\n\n\n<li>No uso de reglas de may\u00fasculas, signos de puntuaci\u00f3n.<\/li>\n\n\n\n<li>No reconocimiento ni exposici\u00f3n de las normas de acentuaci\u00f3n.<\/li>\n\n\n\n<li>Sustituci\u00f3n de las \u00abletras espejo\u00bb (b-d, p-q, b-p).<\/li>\n\n\n\n<li>Confusi\u00f3n en el uso de las reglas ortogr\u00e1ficas naturales y\/o arbitrarias.<\/li>\n\n\n\n<li>Dificultad para reconocer palabras que suenan igual, pero con diferente significado.<\/li>\n\n\n\n<li>Discurso escrito incoherente, sin organizaci\u00f3n espacial y\/o temporal.<\/li>\n<\/ul>\n\n\n\n<p>Para que el escolar pueda conseguir corregir los errores que presenta, es necesario una correcta intervenci\u00f3n psicopedag\u00f3gica, el apoyo de los padres y de la instituci\u00f3n educativa, quien muchas veces deber\u00e1 realizar adaptaciones curriculares sugeridas por el profesional externo.<\/p>\n\n\n\n<p>Debemos tener en cuenta que las alteraciones de la lectura y la escritura no solo afectan a nivel acad\u00e9mico, sino en la vida diaria, y pueden suponer una gran frustraci\u00f3n para los estudiantes o personas que lo presentan.&nbsp; Una buen diagn\u00f3stico y tratamiento puede mejorar notablemente todas sus dificultades.<\/p>\n\n\n\n<p><strong>Disgraf\u00eda<\/strong><\/p>\n\n\n\n\n\n<p>Es un trastorno de aprendizaje que involucra deficiencias en las habilidades de escritura, que afecta a la calidad de la misma en cuanto al trazado o la graf\u00eda, se caracteriza porque el ni\u00f1o\/a posee un nivel de escritura notablemente inferior al de su edad y curso acad\u00e9mico, lo cual influye de forma negativa en su aprendizaje escolar.<\/p>\n\n\n\n<p>Esta dificutad del aprendizaje afecta a un mayor n\u00famero de ni\u00f1os, un 60% son chicos mientras que el resto son chicas.<\/p>\n\n\n\n<p><strong>Discalculia<\/strong><\/p>\n\n\n\n<p>La discalculia es un trastorno del aprendizaje que afecta la capacidad de una persona para comprender y manipular n\u00fameros y conceptos matem\u00e1ticos, a pesar de tener una inteligencia promedio y una instrucci\u00f3n adecuada. Los s\u00edntomas pueden variar en severidad y pueden manifestarse de diferentes formas en cada individuo. Aqu\u00ed hay una descripci\u00f3n detallada de los posibles s\u00edntomas de la discalculia:<\/p>\n\n\n\n\n\n<ul class=\"wp-block-list\">\n<li>Dificultades para entender conceptos num\u00e9ricos b\u00e1sicos:<\/li>\n\n\n\n<li>Las personas con discalculia pueden tener dificultades para comprender la relaci\u00f3n entre n\u00fameros, como la secuencia num\u00e9rica, la comparaci\u00f3n de cantidades y el concepto de cantidad.<\/li>\n\n\n\n<li>Problemas con las operaciones matem\u00e1ticas b\u00e1sicas:<\/li>\n\n\n\n<li>Pueden tener dificultades para realizar operaciones aritm\u00e9ticas simples, como sumas, restas, multiplicaciones y divisiones, incluso con n\u00fameros peque\u00f1os.<\/li>\n\n\n\n<li>A menudo tienen problemas para memorizar las tablas de multiplicar, lo que puede dificultar la resoluci\u00f3n r\u00e1pida de problemas matem\u00e1ticos.<\/li>\n\n\n\n<li>Pueden tener dificultades para realizar c\u00e1lculos matem\u00e1ticos mentales, lo que puede dificultar la resoluci\u00f3n r\u00e1pida de problemas en situaciones cotidianas.<\/li>\n\n\n\n<li>Pueden tener dificultades para comprender y utilizar s\u00edmbolos matem\u00e1ticos, como los signos de suma, resta, multiplicaci\u00f3n y divisi\u00f3n.<\/li>\n\n\n\n<li>Problemas con la organizaci\u00f3n espacial en problemas matem\u00e1ticos en papel, lo que puede llevar a errores en los c\u00e1lculos.<\/li>\n\n\n\n<li>Dificultades para comprender conceptos de tiempo (como la hora y el calendario y dinero (como el valor de las monedas y los billetes, y el cambio).<\/li>\n\n\n\n<li>Dificultades con el razonamiento matem\u00e1tico para resolver problemas, incluso cuando entienden los conceptos matem\u00e1ticos involucrados.<\/li>\n<\/ul>\n\n\n\n<p>Las personas con discalculia pueden experimentar baja autoestima y ansiedad relacionada con las matem\u00e1ticas debido a sus dificultades persistentes en este campo.<\/p>\n\n\n","protected":false},"excerpt":{"rendered":"<p>Para realizar un diagn\u00f3stico de trastornos de aprendizaje y ubicar a un alumno\/a dentro de dicha categor\u00eda, es necesario comprobar [&hellip;]<\/p>\n","protected":false},"author":1,"featured_media":0,"parent":0,"menu_order":0,"comment_status":"closed","ping_status":"closed","template":"","meta":{"site-sidebar-layout":"default","site-content-layout":"","ast-site-content-layout":"default","site-content-style":"default","site-sidebar-style":"default","ast-global-header-display":"","ast-banner-title-visibility":"","ast-main-header-display":"","ast-hfb-above-header-display":"","ast-hfb-below-header-display":"","ast-hfb-mobile-header-display":"","site-post-title":"","ast-breadcrumbs-content":"","ast-featured-img":"","footer-sml-layout":"","ast-disable-related-posts":"","theme-transparent-header-meta":"","adv-header-id-meta":"","stick-header-meta":"","header-above-stick-meta":"","header-main-stick-meta":"","header-below-stick-meta":"","astra-migrate-meta-layouts":"default","ast-page-background-enabled":"default","ast-page-background-meta":{"desktop":{"background-color":"var(--ast-global-color-4)","background-image":"","background-repeat":"repeat","background-position":"center center","background-size":"auto","background-attachment":"scroll","background-type":"","background-media":"","overlay-type":"","overlay-color":"","overlay-opacity":"","overlay-gradient":""},"tablet":{"background-color":"","background-image":"","background-repeat":"repeat","background-position":"center center","background-size":"auto","background-attachment":"scroll","background-type":"","background-media":"","overlay-type":"","overlay-color":"","overlay-opacity":"","overlay-gradient":""},"mobile":{"background-color":"","background-image":"","background-repeat":"repeat","background-position":"center center","background-size":"auto","background-attachment":"scroll","background-type":"","background-media":"","overlay-type":"","overlay-color":"","overlay-opacity":"","overlay-gradient":""}},"ast-content-background-meta":{"desktop":{"background-color":"var(--ast-global-color-5)","background-image":"","background-repeat":"repeat","background-position":"center center","background-size":"auto","background-attachment":"scroll","background-type":"","background-media":"","overlay-type":"","overlay-color":"","overlay-opacity":"","overlay-gradient":""},"tablet":{"background-color":"var(--ast-global-color-5)","background-image":"","background-repeat":"repeat","background-position":"center center","background-size":"auto","background-attachment":"scroll","background-type":"","background-media":"","overlay-type":"","overlay-color":"","overlay-opacity":"","overlay-gradient":""},"mobile":{"background-color":"var(--ast-global-color-5)","background-image":"","background-repeat":"repeat","background-position":"center center","background-size":"auto","background-attachment":"scroll","background-type":"","background-media":"","overlay-type":"","overlay-color":"","overlay-opacity":"","overlay-gradient":""}},"footnotes":""},"class_list":["post-116","page","type-page","status-publish","hentry"],"_links":{"self":[{"href":"https:\/\/avanzarcentropsico-pedagogico.com\/index.php?rest_route=\/wp\/v2\/pages\/116","targetHints":{"allow":["GET"]}}],"collection":[{"href":"https:\/\/avanzarcentropsico-pedagogico.com\/index.php?rest_route=\/wp\/v2\/pages"}],"about":[{"href":"https:\/\/avanzarcentropsico-pedagogico.com\/index.php?rest_route=\/wp\/v2\/types\/page"}],"author":[{"embeddable":true,"href":"https:\/\/avanzarcentropsico-pedagogico.com\/index.php?rest_route=\/wp\/v2\/users\/1"}],"replies":[{"embeddable":true,"href":"https:\/\/avanzarcentropsico-pedagogico.com\/index.php?rest_route=%2Fwp%2Fv2%2Fcomments&post=116"}],"version-history":[{"count":13,"href":"https:\/\/avanzarcentropsico-pedagogico.com\/index.php?rest_route=\/wp\/v2\/pages\/116\/revisions"}],"predecessor-version":[{"id":202,"href":"https:\/\/avanzarcentropsico-pedagogico.com\/index.php?rest_route=\/wp\/v2\/pages\/116\/revisions\/202"}],"wp:attachment":[{"href":"https:\/\/avanzarcentropsico-pedagogico.com\/index.php?rest_route=%2Fwp%2Fv2%2Fmedia&parent=116"}],"curies":[{"name":"wp","href":"https:\/\/api.w.org\/{rel}","templated":true}]}}