{"id":54,"date":"2024-07-24T02:06:07","date_gmt":"2024-07-24T02:06:07","guid":{"rendered":"https:\/\/avanzarcentropsico-pedagogico.com\/?page_id=54"},"modified":"2024-07-24T02:08:22","modified_gmt":"2024-07-24T02:08:22","slug":"quienes-somos","status":"publish","type":"page","link":"https:\/\/avanzarcentropsico-pedagogico.com\/","title":{"rendered":"Quienes somos"},"content":{"rendered":"\n<p>Avanzar, es un centro especializado en la evaluaci\u00f3n, diagn\u00f3stico e intervenci\u00f3n terap\u00e9utica de escolares con dificultades y trastornos de aprendizaje en el \u00e1rea de Lenguaje (lectura y escritura) dislexia, disortograf\u00eda, disgraf\u00eda y en el \u00e1rea de Matem\u00e1tica discalculia y terapia a ni\u00f1@s con TDAH, &nbsp;D\u00e9ficit&nbsp; de atenci\u00f3n e hiperactividad.<\/p>\n\n\n\n<p>Todos los ni\u00f1@s tiene derecho a ser inclu\u00eddos en la educaci\u00f3n regular, brindamos el apoyo y acompa\u00f1amiento a los padres y a las instituciones educativas.<\/p>\n\n\n\n<figure class=\"wp-block-image size-full\"><img loading=\"lazy\" decoding=\"async\" width=\"241\" height=\"182\" src=\"https:\/\/avanzarcentropsico-pedagogico.com\/wp-content\/uploads\/2024\/07\/1.jpg\" alt=\"\" class=\"wp-image-13\"\/><\/figure>\n","protected":false},"excerpt":{"rendered":"<p>Avanzar, es un centro especializado en la evaluaci\u00f3n, diagn\u00f3stico e intervenci\u00f3n terap\u00e9utica de escolares con dificultades y trastornos de aprendizaje [&hellip;]<\/p>\n","protected":false},"author":1,"featured_media":0,"parent":0,"menu_order":0,"comment_status":"closed","ping_status":"closed","template":"","meta":{"site-sidebar-layout":"default","site-content-layout":"","ast-site-content-layout":"default","site-content-style":"default","site-sidebar-style":"default","ast-global-header-display":"","ast-banner-title-visibility":"","ast-main-header-display":"","ast-hfb-above-header-display":"","ast-hfb-below-header-display":"","ast-hfb-mobile-header-display":"","site-post-title":"","ast-breadcrumbs-content":"","ast-featured-img":"","footer-sml-layout":"","ast-disable-related-posts":"","theme-transparent-header-meta":"","adv-header-id-meta":"","stick-header-meta":"","header-above-stick-meta":"","header-main-stick-meta":"","header-below-stick-meta":"","astra-migrate-meta-layouts":"default","ast-page-background-enabled":"default","ast-page-background-meta":{"desktop":{"background-color":"var(--ast-global-color-4)","background-image":"","background-repeat":"repeat","background-position":"center center","background-size":"auto","background-attachment":"scroll","background-type":"","background-media":"","overlay-type":"","overlay-color":"","overlay-opacity":"","overlay-gradient":""},"tablet":{"background-color":"","background-image":"","background-repeat":"repeat","background-position":"center center","background-size":"auto","background-attachment":"scroll","background-type":"","background-media":"","overlay-type":"","overlay-color":"","overlay-opacity":"","overlay-gradient":""},"mobile":{"background-color":"","background-image":"","background-repeat":"repeat","background-position":"center center","background-size":"auto","background-attachment":"scroll","background-type":"","background-media":"","overlay-type":"","overlay-color":"","overlay-opacity":"","overlay-gradient":""}},"ast-content-background-meta":{"desktop":{"background-color":"var(--ast-global-color-5)","background-image":"","background-repeat":"repeat","background-position":"center center","background-size":"auto","background-attachment":"scroll","background-type":"","background-media":"","overlay-type":"","overlay-color":"","overlay-opacity":"","overlay-gradient":""},"tablet":{"background-color":"var(--ast-global-color-5)","background-image":"","background-repeat":"repeat","background-position":"center center","background-size":"auto","background-attachment":"scroll","background-type":"","background-media":"","overlay-type":"","overlay-color":"","overlay-opacity":"","overlay-gradient":""},"mobile":{"background-color":"var(--ast-global-color-5)","background-image":"","background-repeat":"repeat","background-position":"center center","background-size":"auto","background-attachment":"scroll","background-type":"","background-media":"","overlay-type":"","overlay-color":"","overlay-opacity":"","overlay-gradient":""}},"footnotes":""},"class_list":["post-54","page","type-page","status-publish","hentry"],"_links":{"self":[{"href":"https:\/\/avanzarcentropsico-pedagogico.com\/index.php?rest_route=\/wp\/v2\/pages\/54","targetHints":{"allow":["GET"]}}],"collection":[{"href":"https:\/\/avanzarcentropsico-pedagogico.com\/index.php?rest_route=\/wp\/v2\/pages"}],"about":[{"href":"https:\/\/avanzarcentropsico-pedagogico.com\/index.php?rest_route=\/wp\/v2\/types\/page"}],"author":[{"embeddable":true,"href":"https:\/\/avanzarcentropsico-pedagogico.com\/index.php?rest_route=\/wp\/v2\/users\/1"}],"replies":[{"embeddable":true,"href":"https:\/\/avanzarcentropsico-pedagogico.com\/index.php?rest_route=%2Fwp%2Fv2%2Fcomments&post=54"}],"version-history":[{"count":3,"href":"https:\/\/avanzarcentropsico-pedagogico.com\/index.php?rest_route=\/wp\/v2\/pages\/54\/revisions"}],"predecessor-version":[{"id":57,"href":"https:\/\/avanzarcentropsico-pedagogico.com\/index.php?rest_route=\/wp\/v2\/pages\/54\/revisions\/57"}],"wp:attachment":[{"href":"https:\/\/avanzarcentropsico-pedagogico.com\/index.php?rest_route=%2Fwp%2Fv2%2Fmedia&parent=54"}],"curies":[{"name":"wp","href":"https:\/\/api.w.org\/{rel}","templated":true}]}}