{"id":67,"date":"2024-07-24T02:23:31","date_gmt":"2024-07-24T02:23:31","guid":{"rendered":"https:\/\/avanzarcentropsico-pedagogico.com\/?page_id=67"},"modified":"2024-07-24T02:23:31","modified_gmt":"2024-07-24T02:23:31","slug":"valoracion-integral-psicologica-y-psicopedagogica","status":"publish","type":"page","link":"https:\/\/avanzarcentropsico-pedagogico.com\/?page_id=67","title":{"rendered":"Valoraci\u00f3n integral Psicol\u00f3gica y Psicopedag\u00f3gica"},"content":{"rendered":"\n<p>Es realizada por especialistas en Psicolog\u00eda, Psicopedagog\u00eda y dependiendo el caso un Terapista Ocupacional o de Lenguaje.<\/p>\n\n\n\n<p>Es el proceso que implica conocer las caracter\u00edsticas del alumno en interacci\u00f3n con su contexto, mediante la entrevista a los padres de familia, Informaci\u00f3n de profesionales del Centro Educativo como tutores y personal del DECE, a quienes se les pide colaboren con los test que se requieran aplicar donde nos dar\u00e1n sus criterios y observaciones.<\/p>\n\n\n\n<p>Con el escolar o colegial se realiza una o dos sesiones de observaci\u00f3n, entrevista, luego se aplican en diferentes sesiones test psicom\u00e9tricos validados a nivel mundial, con el objetivo de conocer el grado de desarrollo del alumno, identificar si presenta necesidades educativas especiales o alg\u00fan trastorno de neurodesarrollo, as\u00ed como tambi\u00e9n para descartar alg\u00fan trastorno o dificultad.<\/p>\n\n\n\n<p>Seg\u00fan los requerimientos se seleccionan las bater\u00edas psicom\u00e9tricas a emplear.<\/p>\n","protected":false},"excerpt":{"rendered":"<p>Es realizada por especialistas en Psicolog\u00eda, Psicopedagog\u00eda y dependiendo el caso un Terapista Ocupacional o de Lenguaje. Es el proceso [&hellip;]<\/p>\n","protected":false},"author":1,"featured_media":0,"parent":0,"menu_order":0,"comment_status":"closed","ping_status":"closed","template":"","meta":{"site-sidebar-layout":"default","site-content-layout":"","ast-site-content-layout":"default","site-content-style":"default","site-sidebar-style":"default","ast-global-header-display":"","ast-banner-title-visibility":"","ast-main-header-display":"","ast-hfb-above-header-display":"","ast-hfb-below-header-display":"","ast-hfb-mobile-header-display":"","site-post-title":"","ast-breadcrumbs-content":"","ast-featured-img":"","footer-sml-layout":"","ast-disable-related-posts":"","theme-transparent-header-meta":"","adv-header-id-meta":"","stick-header-meta":"","header-above-stick-meta":"","header-main-stick-meta":"","header-below-stick-meta":"","astra-migrate-meta-layouts":"default","ast-page-background-enabled":"default","ast-page-background-meta":{"desktop":{"background-color":"var(--ast-global-color-4)","background-image":"","background-repeat":"repeat","background-position":"center center","background-size":"auto","background-attachment":"scroll","background-type":"","background-media":"","overlay-type":"","overlay-color":"","overlay-opacity":"","overlay-gradient":""},"tablet":{"background-color":"","background-image":"","background-repeat":"repeat","background-position":"center center","background-size":"auto","background-attachment":"scroll","background-type":"","background-media":"","overlay-type":"","overlay-color":"","overlay-opacity":"","overlay-gradient":""},"mobile":{"background-color":"","background-image":"","background-repeat":"repeat","background-position":"center center","background-size":"auto","background-attachment":"scroll","background-type":"","background-media":"","overlay-type":"","overlay-color":"","overlay-opacity":"","overlay-gradient":""}},"ast-content-background-meta":{"desktop":{"background-color":"var(--ast-global-color-5)","background-image":"","background-repeat":"repeat","background-position":"center center","background-size":"auto","background-attachment":"scroll","background-type":"","background-media":"","overlay-type":"","overlay-color":"","overlay-opacity":"","overlay-gradient":""},"tablet":{"background-color":"var(--ast-global-color-5)","background-image":"","background-repeat":"repeat","background-position":"center center","background-size":"auto","background-attachment":"scroll","background-type":"","background-media":"","overlay-type":"","overlay-color":"","overlay-opacity":"","overlay-gradient":""},"mobile":{"background-color":"var(--ast-global-color-5)","background-image":"","background-repeat":"repeat","background-position":"center center","background-size":"auto","background-attachment":"scroll","background-type":"","background-media":"","overlay-type":"","overlay-color":"","overlay-opacity":"","overlay-gradient":""}},"footnotes":""},"class_list":["post-67","page","type-page","status-publish","hentry"],"_links":{"self":[{"href":"https:\/\/avanzarcentropsico-pedagogico.com\/index.php?rest_route=\/wp\/v2\/pages\/67","targetHints":{"allow":["GET"]}}],"collection":[{"href":"https:\/\/avanzarcentropsico-pedagogico.com\/index.php?rest_route=\/wp\/v2\/pages"}],"about":[{"href":"https:\/\/avanzarcentropsico-pedagogico.com\/index.php?rest_route=\/wp\/v2\/types\/page"}],"author":[{"embeddable":true,"href":"https:\/\/avanzarcentropsico-pedagogico.com\/index.php?rest_route=\/wp\/v2\/users\/1"}],"replies":[{"embeddable":true,"href":"https:\/\/avanzarcentropsico-pedagogico.com\/index.php?rest_route=%2Fwp%2Fv2%2Fcomments&post=67"}],"version-history":[{"count":1,"href":"https:\/\/avanzarcentropsico-pedagogico.com\/index.php?rest_route=\/wp\/v2\/pages\/67\/revisions"}],"predecessor-version":[{"id":68,"href":"https:\/\/avanzarcentropsico-pedagogico.com\/index.php?rest_route=\/wp\/v2\/pages\/67\/revisions\/68"}],"wp:attachment":[{"href":"https:\/\/avanzarcentropsico-pedagogico.com\/index.php?rest_route=%2Fwp%2Fv2%2Fmedia&parent=67"}],"curies":[{"name":"wp","href":"https:\/\/api.w.org\/{rel}","templated":true}]}}