{"id":69,"date":"2024-07-24T02:25:22","date_gmt":"2024-07-24T02:25:22","guid":{"rendered":"https:\/\/avanzarcentropsico-pedagogico.com\/?page_id=69"},"modified":"2024-07-25T03:43:29","modified_gmt":"2024-07-25T03:43:29","slug":"test-psicologicos-empleados","status":"publish","type":"page","link":"https:\/\/avanzarcentropsico-pedagogico.com\/?page_id=69","title":{"rendered":"Test psicol\u00f3gicos empleados:"},"content":{"rendered":"\n<p><strong>Test de la familia: <\/strong>El Test del dibujo de la familia, es un test proyectivo que eval\u00faa fundamentalmente el estado emocional de un ni\u00f1o, con respecto a su adaptaci\u00f3n al medio familiar, influenciado por su propia percepci\u00f3n.<\/p>\n\n\n\n<p><strong>HTP:&nbsp; <\/strong>La t\u00e9cnica del dibujo proyectivo Casa-\u00c1rbol-Persona o H-T-P (siglas en ingl\u00e9s)<strong>. <\/strong>Se usa para explorar la forma de responder a las presiones ambientales, es decir, la vivencia de la relaci\u00f3n din\u00e1mica entre el individuo y el ambiente, revela informaci\u00f3n sobre los conflictos y las preocupaciones del examinado.<\/p>\n\n\n\n<p><strong>CAT:<\/strong> Test de Apercepci\u00f3n Tem\u00e1tica Infantil, mediante la descripci\u00f3n libre de 10 l\u00e1minas de est\u00edmulos, permite explorar la personalidad, respecto a posibles conflictos del ambiente, permite identificar indicadores emocionales que puedan preocupar, as\u00ed como la estructuraci\u00f3n del Yo.<\/p>\n\n\n\n<h3 class=\"wp-block-heading\"><strong>CAS:<\/strong><strong> <\/strong>Cuestionario de Ansiedad infantil<strong><\/strong><\/h3>\n\n\n\n<p>El CAS permite efectuar una rigurosa exploraci\u00f3n psicol\u00f3gica de los trastornos de ansiedad en ni\u00f1os de los primeros niveles de escolaridad, mediante un material de f\u00e1cil aplicaci\u00f3n, correcci\u00f3n e interpretaci\u00f3n.<\/p>\n\n\n\n<figure class=\"wp-block-image size-full is-resized\"><img loading=\"lazy\" decoding=\"async\" width=\"135\" height=\"182\" src=\"https:\/\/avanzarcentropsico-pedagogico.com\/wp-content\/uploads\/2024\/07\/2.jpg\" alt=\"\" class=\"wp-image-44\" style=\"width:212px;height:auto\"\/><\/figure>\n\n\n\n<p><strong>ADHDT: <\/strong>Comprende 36 \u00edtems que corresponden a tres sub escalas que miden los des\u00f3rdenes de hiperactividad, impulsividad e inatenci\u00f3n.<\/p>\n\n\n\n<p><strong>Test de Perfil Sensorial<\/strong>: Es un instrumento estandarizado que eval\u00faa los patrones de procesamiento sensorial de un ni\u00f1o en el contexto de la vida cotidiana. La informaci\u00f3n obtenida permite determinar c\u00f3mo el procesamiento sensorial puede favorecer o dificultar la participaci\u00f3n del ni\u00f1o en actividades diarias.<\/p>\n\n\n\n<p><strong>Test de Percepci\u00f3n de diferencias. Caras. <\/strong>Eval\u00faa la aptitud para percibir r\u00e1pida y correctamente semejanzas y diferencias en patrones, reflejando componentes perceptuales y atencionales.<\/p>\n\n\n\n<p><strong>Sacks. Prueba de frases incompletas. <\/strong>Permite el conocimiento de la forma como el sujeto se relaciona en sus contactos interpersonales, en los que se manifiestan aspectos b\u00e1sicos de la personalidad del sujeto, como: tendencias b\u00e1sicas, actitudes, deseos, afectos tanto inconscientes, como preconscientes y conscientes.<\/p>\n\n\n\n<p><strong>WISC V<\/strong> Tiene como objetivo obtener el coeficiente intelectual total (CIT) de los ni\u00f1os, ni\u00f1as y adolescentes, ofrece puntuaciones de los \u00edndices primarios de inteligencia que reflejan el funcionamiento intelectual en el \u00e1rea cognitiva: comprensi\u00f3n verbal, viso-espacial, razonamiento fluido, atenci\u00f3n y organizaci\u00f3n visual y habilidad para comparar y establecer analog\u00edas<\/p>\n\n\n\n<figure class=\"wp-block-image size-full\"><img loading=\"lazy\" decoding=\"async\" width=\"328\" height=\"202\" src=\"https:\/\/avanzarcentropsico-pedagogico.com\/wp-content\/uploads\/2024\/07\/3.jpg\" alt=\"\" class=\"wp-image-45\" srcset=\"https:\/\/avanzarcentropsico-pedagogico.com\/wp-content\/uploads\/2024\/07\/3.jpg 328w, https:\/\/avanzarcentropsico-pedagogico.com\/wp-content\/uploads\/2024\/07\/3-300x185.jpg 300w\" sizes=\"auto, (max-width: 328px) 100vw, 328px\" \/><\/figure>\n\n\n\n<p><strong>Test de Bender: <\/strong>es un instrumento psicot\u00e9cnico de evaluaci\u00f3n psicol\u00f3gica que se emplea para evaluar la madurez visual, la integraci\u00f3n visomotora, el estilo de respuesta, la reacci\u00f3n a la frustraci\u00f3n, la habilidad para corregir errores, habilidades de planificaci\u00f3n y organizaci\u00f3n.<\/p>\n\n\n\n<p><strong>DTVP 2 M\u00e9todo de evaluaci\u00f3n de la percepci\u00f3n visual de Frostig<\/strong><\/p>\n\n\n\n<p>El test de Frostig es un test de evaluaci\u00f3n del grado de madurez de la percepci\u00f3n visual. Dise\u00f1ada con el prop\u00f3sito de identificar los retrasos en la madurez perceptiva en ni\u00f1os que presentan dificultades de aprendizaje. Explora cinco aspectos de la percepci\u00f3n visual que son relativamente independientes: Coordinaci\u00f3n ojo-mano, Figura-fondo, Constancia de la forma, Posici\u00f3n en el espacio, Relaciones espaciales, Cierre visual, Copia y Velocidad Visomotora.<\/p>\n\n\n\n<figure class=\"wp-block-image size-full\"><img loading=\"lazy\" decoding=\"async\" width=\"165\" height=\"229\" src=\"https:\/\/avanzarcentropsico-pedagogico.com\/wp-content\/uploads\/2024\/07\/4.jpg\" alt=\"\" class=\"wp-image-46\"\/><\/figure>\n\n\n\n<p><strong>Test CUMANES (Cuestionario de Madurez Neuropsicol\u00f3gica Escolar)<\/strong><strong><\/strong><\/p>\n\n\n\n<p>Eval\u00faa la madurez neuropsicol\u00f3gica escolar con un amplio repertorio de funciones metales superiores, determinan la presencia de cambios cognoscitivos y comportamentales en escolares. En esta prueba adem\u00e1s se busca estimar el grado de desarrollo de las diferentes \u00e1reas: Comprensi\u00f3n audioverbal, comprensi\u00f3n de im\u00e1genes, fluidez fonol\u00f3gica, sem\u00e1ntica, comprensi\u00f3n lectora, velocidad lectora, escritura, visopercepci\u00f3n, Funciones ejecutivas de tiempo, memoria visual, auditiva y ritmo.<\/p>\n\n\n\n<figure class=\"wp-block-image size-full\"><img loading=\"lazy\" decoding=\"async\" width=\"233\" height=\"200\" src=\"https:\/\/avanzarcentropsico-pedagogico.com\/wp-content\/uploads\/2024\/07\/5.jpg\" alt=\"\" class=\"wp-image-47\"\/><\/figure>\n\n\n\n<p><strong>Banfe 2:<\/strong> Eval\u00faa 15 procesos cognitivos, entre ellos las Funciones Ejecutivas los cuales se agrupan en tres \u00e1reas espec\u00edficas: Orbitofrontal, Prefrontal Anterior y Dorsolateral.<\/p>\n\n\n\n<figure class=\"wp-block-image size-full\"><img loading=\"lazy\" decoding=\"async\" width=\"252\" height=\"249\" src=\"https:\/\/avanzarcentropsico-pedagogico.com\/wp-content\/uploads\/2024\/07\/6.jpg\" alt=\"\" class=\"wp-image-48\"\/><\/figure>\n\n\n\n<h3 class=\"wp-block-heading\"><strong>Test ENI<\/strong> <strong>( Prueba Neuro-Psicol\u00f3gica)<\/strong><\/h3>\n\n\n\n<p>El objetivo principal de la evaluaci\u00f3n neuropsicol\u00f3gica es determinar la presencia de cambios cognoscitivos y comportamiento en individuos en el que se sospecha alg\u00fan tipo de alteraci\u00f3n.<\/p>\n","protected":false},"excerpt":{"rendered":"<p>Test de la familia: El Test del dibujo de la familia, es un test proyectivo que eval\u00faa fundamentalmente el estado [&hellip;]<\/p>\n","protected":false},"author":1,"featured_media":0,"parent":0,"menu_order":0,"comment_status":"closed","ping_status":"closed","template":"","meta":{"site-sidebar-layout":"default","site-content-layout":"","ast-site-content-layout":"default","site-content-style":"default","site-sidebar-style":"default","ast-global-header-display":"","ast-banner-title-visibility":"","ast-main-header-display":"","ast-hfb-above-header-display":"","ast-hfb-below-header-display":"","ast-hfb-mobile-header-display":"","site-post-title":"","ast-breadcrumbs-content":"","ast-featured-img":"","footer-sml-layout":"","ast-disable-related-posts":"","theme-transparent-header-meta":"","adv-header-id-meta":"","stick-header-meta":"","header-above-stick-meta":"","header-main-stick-meta":"","header-below-stick-meta":"","astra-migrate-meta-layouts":"default","ast-page-background-enabled":"default","ast-page-background-meta":{"desktop":{"background-color":"var(--ast-global-color-4)","background-image":"","background-repeat":"repeat","background-position":"center center","background-size":"auto","background-attachment":"scroll","background-type":"","background-media":"","overlay-type":"","overlay-color":"","overlay-opacity":"","overlay-gradient":""},"tablet":{"background-color":"","background-image":"","background-repeat":"repeat","background-position":"center center","background-size":"auto","background-attachment":"scroll","background-type":"","background-media":"","overlay-type":"","overlay-color":"","overlay-opacity":"","overlay-gradient":""},"mobile":{"background-color":"","background-image":"","background-repeat":"repeat","background-position":"center center","background-size":"auto","background-attachment":"scroll","background-type":"","background-media":"","overlay-type":"","overlay-color":"","overlay-opacity":"","overlay-gradient":""}},"ast-content-background-meta":{"desktop":{"background-color":"var(--ast-global-color-5)","background-image":"","background-repeat":"repeat","background-position":"center center","background-size":"auto","background-attachment":"scroll","background-type":"","background-media":"","overlay-type":"","overlay-color":"","overlay-opacity":"","overlay-gradient":""},"tablet":{"background-color":"var(--ast-global-color-5)","background-image":"","background-repeat":"repeat","background-position":"center center","background-size":"auto","background-attachment":"scroll","background-type":"","background-media":"","overlay-type":"","overlay-color":"","overlay-opacity":"","overlay-gradient":""},"mobile":{"background-color":"var(--ast-global-color-5)","background-image":"","background-repeat":"repeat","background-position":"center center","background-size":"auto","background-attachment":"scroll","background-type":"","background-media":"","overlay-type":"","overlay-color":"","overlay-opacity":"","overlay-gradient":""}},"footnotes":""},"class_list":["post-69","page","type-page","status-publish","hentry"],"_links":{"self":[{"href":"https:\/\/avanzarcentropsico-pedagogico.com\/index.php?rest_route=\/wp\/v2\/pages\/69","targetHints":{"allow":["GET"]}}],"collection":[{"href":"https:\/\/avanzarcentropsico-pedagogico.com\/index.php?rest_route=\/wp\/v2\/pages"}],"about":[{"href":"https:\/\/avanzarcentropsico-pedagogico.com\/index.php?rest_route=\/wp\/v2\/types\/page"}],"author":[{"embeddable":true,"href":"https:\/\/avanzarcentropsico-pedagogico.com\/index.php?rest_route=\/wp\/v2\/users\/1"}],"replies":[{"embeddable":true,"href":"https:\/\/avanzarcentropsico-pedagogico.com\/index.php?rest_route=%2Fwp%2Fv2%2Fcomments&post=69"}],"version-history":[{"count":7,"href":"https:\/\/avanzarcentropsico-pedagogico.com\/index.php?rest_route=\/wp\/v2\/pages\/69\/revisions"}],"predecessor-version":[{"id":156,"href":"https:\/\/avanzarcentropsico-pedagogico.com\/index.php?rest_route=\/wp\/v2\/pages\/69\/revisions\/156"}],"wp:attachment":[{"href":"https:\/\/avanzarcentropsico-pedagogico.com\/index.php?rest_route=%2Fwp%2Fv2%2Fmedia&parent=69"}],"curies":[{"name":"wp","href":"https:\/\/api.w.org\/{rel}","templated":true}]}}