{"id":71,"date":"2024-07-24T02:26:07","date_gmt":"2024-07-24T02:26:07","guid":{"rendered":"https:\/\/avanzarcentropsico-pedagogico.com\/?page_id=71"},"modified":"2024-07-24T02:26:07","modified_gmt":"2024-07-24T02:26:07","slug":"terapia-de-intervencion-psicopedagogica-a-escolares-y-colegiales-con-problemas-de-aprendizaje","status":"publish","type":"page","link":"https:\/\/avanzarcentropsico-pedagogico.com\/?page_id=71","title":{"rendered":"Terapia de Intervenci\u00f3n psicopedag\u00f3gica a escolares y colegiales con problemas de aprendizaje."},"content":{"rendered":"\n<p>Se planifica en funci\u00f3n de los resultados de la valoraci\u00f3n integral realizada. Se desarrollan actividades cognitivas para estimular y desarrollar las funciones ejecutivas que son procesos mentales fundamentales que nos permiten aprender, comprender, recordar, razonar y resolver problemas. Estas habilidades cognitivas son esenciales en todas las etapas de la vida, desde la infancia hasta la vejez.<\/p>\n\n\n\n<p>Empleamos programas educativos on line, domin\u00f3, tangram, pattern blocks, juegos sobre cuadr\u00edculas, juegos de loter\u00eda, cartas de memoria, juego ortogr\u00e1fico para formar palabras entre otros. Adicional se trabaja sobre los contenidos curriculares en que el escolar debe reforzar o nivelar, para que los resultados se vean reflejados en el \u00e1mbito escolar.<\/p>\n","protected":false},"excerpt":{"rendered":"<p>Se planifica en funci\u00f3n de los resultados de la valoraci\u00f3n integral realizada. Se desarrollan actividades cognitivas para estimular y desarrollar [&hellip;]<\/p>\n","protected":false},"author":1,"featured_media":0,"parent":0,"menu_order":0,"comment_status":"closed","ping_status":"closed","template":"","meta":{"site-sidebar-layout":"default","site-content-layout":"","ast-site-content-layout":"default","site-content-style":"default","site-sidebar-style":"default","ast-global-header-display":"","ast-banner-title-visibility":"","ast-main-header-display":"","ast-hfb-above-header-display":"","ast-hfb-below-header-display":"","ast-hfb-mobile-header-display":"","site-post-title":"","ast-breadcrumbs-content":"","ast-featured-img":"","footer-sml-layout":"","ast-disable-related-posts":"","theme-transparent-header-meta":"","adv-header-id-meta":"","stick-header-meta":"","header-above-stick-meta":"","header-main-stick-meta":"","header-below-stick-meta":"","astra-migrate-meta-layouts":"default","ast-page-background-enabled":"default","ast-page-background-meta":{"desktop":{"background-color":"var(--ast-global-color-4)","background-image":"","background-repeat":"repeat","background-position":"center center","background-size":"auto","background-attachment":"scroll","background-type":"","background-media":"","overlay-type":"","overlay-color":"","overlay-opacity":"","overlay-gradient":""},"tablet":{"background-color":"","background-image":"","background-repeat":"repeat","background-position":"center center","background-size":"auto","background-attachment":"scroll","background-type":"","background-media":"","overlay-type":"","overlay-color":"","overlay-opacity":"","overlay-gradient":""},"mobile":{"background-color":"","background-image":"","background-repeat":"repeat","background-position":"center center","background-size":"auto","background-attachment":"scroll","background-type":"","background-media":"","overlay-type":"","overlay-color":"","overlay-opacity":"","overlay-gradient":""}},"ast-content-background-meta":{"desktop":{"background-color":"var(--ast-global-color-5)","background-image":"","background-repeat":"repeat","background-position":"center center","background-size":"auto","background-attachment":"scroll","background-type":"","background-media":"","overlay-type":"","overlay-color":"","overlay-opacity":"","overlay-gradient":""},"tablet":{"background-color":"var(--ast-global-color-5)","background-image":"","background-repeat":"repeat","background-position":"center center","background-size":"auto","background-attachment":"scroll","background-type":"","background-media":"","overlay-type":"","overlay-color":"","overlay-opacity":"","overlay-gradient":""},"mobile":{"background-color":"var(--ast-global-color-5)","background-image":"","background-repeat":"repeat","background-position":"center center","background-size":"auto","background-attachment":"scroll","background-type":"","background-media":"","overlay-type":"","overlay-color":"","overlay-opacity":"","overlay-gradient":""}},"footnotes":""},"class_list":["post-71","page","type-page","status-publish","hentry"],"_links":{"self":[{"href":"https:\/\/avanzarcentropsico-pedagogico.com\/index.php?rest_route=\/wp\/v2\/pages\/71","targetHints":{"allow":["GET"]}}],"collection":[{"href":"https:\/\/avanzarcentropsico-pedagogico.com\/index.php?rest_route=\/wp\/v2\/pages"}],"about":[{"href":"https:\/\/avanzarcentropsico-pedagogico.com\/index.php?rest_route=\/wp\/v2\/types\/page"}],"author":[{"embeddable":true,"href":"https:\/\/avanzarcentropsico-pedagogico.com\/index.php?rest_route=\/wp\/v2\/users\/1"}],"replies":[{"embeddable":true,"href":"https:\/\/avanzarcentropsico-pedagogico.com\/index.php?rest_route=%2Fwp%2Fv2%2Fcomments&post=71"}],"version-history":[{"count":1,"href":"https:\/\/avanzarcentropsico-pedagogico.com\/index.php?rest_route=\/wp\/v2\/pages\/71\/revisions"}],"predecessor-version":[{"id":72,"href":"https:\/\/avanzarcentropsico-pedagogico.com\/index.php?rest_route=\/wp\/v2\/pages\/71\/revisions\/72"}],"wp:attachment":[{"href":"https:\/\/avanzarcentropsico-pedagogico.com\/index.php?rest_route=%2Fwp%2Fv2%2Fmedia&parent=71"}],"curies":[{"name":"wp","href":"https:\/\/api.w.org\/{rel}","templated":true}]}}